{"id":3080,"date":"2017-08-11T15:39:00","date_gmt":"2017-08-11T13:39:00","guid":{"rendered":"http:\/\/tatralandiavillage.sale\/vytazovanie\/"},"modified":"2023-05-31T23:27:42","modified_gmt":"2023-05-31T21:27:42","slug":"utilisation","status":"publish","type":"page","link":"https:\/\/tatralandiavillage.sale\/en\/utilisation\/","title":{"rendered":"UTILISATION"},"content":{"rendered":"<div class=\"row \"><div class=\"span6 \">How about enjoying your investment and letting it make some money at the same time? Be part of the investment projects of Tatry mountain resorts a.s. and combine business with pleasure. We offer you a year-round rental of your apartment, which becomes part of the rental pool, and you will receive a proportional part of the income that was realized for all apartments included in this pool. Revenues for the entire \"pool\" (a group of objects with the same parameters) after deduction of VAT, local tax and flat-rate deduction (\u20ac30) will be divided in the proportion of 60% for the owner and 40% for the company TMR, which will take care of the further rental of your property. TMR covers all the costs associated with business and marketing activities for renting your property and all the costs associated with hotel services (reception, cleaning). Your costs during extraction are only the costs for the supply of media (for the supply of cold water, for the drainage of waste water, for the supply of electricity). The lease agreement is concluded for an indefinite period.<\/p>\n<p><strong>BENEFITS<\/strong><\/p>\n<p>The owner is entitled to the following benefits during the lease period:<\/p>\n<li>    38 codes\/year, 1 code = 1-day aqua ticket or 1-day ski pass*, the number of codes can be divided and uploaded to any number of Gopass cards specified by the owner before the period begins (validity period of the codes November 15th \u2013 October 30th of the following year)\n<\/li>\n<p><\/p>\n<li>    21 days spent in your property in any low-season period, can be divided in max. 3 parts and the dates have to be reported at least 21 days in advance; access to the Tatralandia water park for max. 4 accommodated persons is included every day, no breakfast; the owner does not pay for the stay (only for the final cleaning), the object is excluded from the pool while staying;\n<\/li>\n<p><\/p>\n<li>    staying in the high season (min. 2 nights) is possible too, has to be booked at least 48 hours in advance; access to the water park and breakfast are not included; the owner does not pay for the stay (only for the final cleaning), the object is excluded from the pool while staying.\n<\/li>\n<p>\n<b><br \/>\n* Every AQUA TICKET entitles the holder to stay at the Tatralandia water park during the validity period of the codes all day long (the sauna world is not included). Every SKI PASS entitles the holder to use lifts and cableways in the ski resorts: JASN\u00c1 N\u00edzke Tatry, Vysok\u00e9 Tatry Tatransk\u00e1 Lomnica, Vysok\u00e9 Tatry Star\u00fd Smokovec and Vysok\u00e9 Tatry \u0160trbsk\u00e9 Pleso during the respective winter season, evening skiing and the \"Fresh track\" service are not included.<br \/>\n<\/b><br \/><\/div><div class=\"span6 \"><img class=\"aligncenter size-full wp-image-2816\" src=\"http:\/\/tatralandiavillage.creanet.sk\/wp-content\/uploads\/2017\/08\/Foto-09.jpg\" alt=\"\" width=\"800\" height=\"532\" srcset=\"https:\/\/tatralandiavillage.sale\/wp-content\/uploads\/2017\/08\/Foto-09.jpg 800w, https:\/\/tatralandiavillage.sale\/wp-content\/uploads\/2017\/08\/Foto-09-300x200.jpg 300w, https:\/\/tatralandiavillage.sale\/wp-content\/uploads\/2017\/08\/Foto-09-768x511.jpg 768w\" sizes=\"(max-width: 800px) 100vw, 800px\" \/><img class=\"aligncenter size-large wp-image-2817\" src=\"http:\/\/tatralandiavillage.creanet.sk\/wp-content\/uploads\/2017\/08\/Foto-10-1024x683.jpg\" alt=\"\" width=\"604\" height=\"403\" srcset=\"https:\/\/tatralandiavillage.sale\/wp-content\/uploads\/2017\/08\/Foto-10-1024x683.jpg 1024w, https:\/\/tatralandiavillage.sale\/wp-content\/uploads\/2017\/08\/Foto-10-300x200.jpg 300w, https:\/\/tatralandiavillage.sale\/wp-content\/uploads\/2017\/08\/Foto-10-768x512.jpg 768w, https:\/\/tatralandiavillage.sale\/wp-content\/uploads\/2017\/08\/Foto-10.jpg 1920w\" sizes=\"(max-width: 604px) 100vw, 604px\" \/><\/div> <\/div><!-- .row (end) -->\n","protected":false},"excerpt":{"rendered":"","protected":false},"author":1,"featured_media":0,"parent":0,"menu_order":0,"comment_status":"closed","ping_status":"closed","template":"page-fullwidth.php","meta":[],"acf":[],"yoast_head":"<!-- This site is optimized with the Yoast SEO Premium plugin v16.7 (Yoast SEO v19.3) - https:\/\/yoast.com\/wordpress\/plugins\/seo\/ -->\n<title>UTILISATION - Holiday Village Tatralandia<\/title>\n<meta name=\"robots\" content=\"index, follow, max-snippet:-1, max-image-preview:large, max-video-preview:-1\" \/>\n<link rel=\"canonical\" href=\"https:\/\/tatralandiavillage.sale\/en\/utilisation\/\" \/>\n<meta property=\"og:locale\" content=\"en_US\" \/>\n<meta property=\"og:type\" content=\"article\" \/>\n<meta property=\"og:title\" content=\"UTILISATION\" \/>\n<meta property=\"og:url\" content=\"https:\/\/tatralandiavillage.sale\/en\/utilisation\/\" \/>\n<meta property=\"og:site_name\" content=\"Holiday Village Tatralandia\" \/>\n<meta property=\"article:modified_time\" content=\"2023-05-31T21:27:42+00:00\" \/>\n<meta property=\"og:image\" content=\"http:\/\/tatralandiavillage.creanet.sk\/wp-content\/uploads\/2017\/08\/Foto-09.jpg\" \/>\n<meta name=\"twitter:card\" content=\"summary_large_image\" \/>\n<meta name=\"twitter:label1\" content=\"Est. reading time\" \/>\n\t<meta name=\"twitter:data1\" content=\"2 minutes\" \/>\n<script type=\"application\/ld+json\" class=\"yoast-schema-graph\">{\"@context\":\"https:\/\/schema.org\",\"@graph\":[{\"@type\":\"Organization\",\"@id\":\"https:\/\/tatralandiavillage.sale\/#organization\",\"name\":\"Holiday Village Tatralandia\",\"url\":\"https:\/\/tatralandiavillage.sale\/\",\"sameAs\":[],\"logo\":{\"@type\":\"ImageObject\",\"inLanguage\":\"en-US\",\"@id\":\"https:\/\/tatralandiavillage.sale\/#\/schema\/logo\/image\/\",\"url\":\"https:\/\/tatralandiavillage.sale\/wp-content\/uploads\/2020\/06\/HVT_new_logo_2x_93.png\",\"contentUrl\":\"https:\/\/tatralandiavillage.sale\/wp-content\/uploads\/2020\/06\/HVT_new_logo_2x_93.png\",\"width\":399,\"height\":186,\"caption\":\"Holiday Village Tatralandia\"},\"image\":{\"@id\":\"https:\/\/tatralandiavillage.sale\/#\/schema\/logo\/image\/\"}},{\"@type\":\"WebSite\",\"@id\":\"https:\/\/tatralandiavillage.sale\/#website\",\"url\":\"https:\/\/tatralandiavillage.sale\/\",\"name\":\"Holiday Village Tatralandia\",\"description\":\"\",\"publisher\":{\"@id\":\"https:\/\/tatralandiavillage.sale\/#organization\"},\"potentialAction\":[{\"@type\":\"SearchAction\",\"target\":{\"@type\":\"EntryPoint\",\"urlTemplate\":\"https:\/\/tatralandiavillage.sale\/?s={search_term_string}\"},\"query-input\":\"required name=search_term_string\"}],\"inLanguage\":\"en-US\"},{\"@type\":\"ImageObject\",\"inLanguage\":\"en-US\",\"@id\":\"https:\/\/tatralandiavillage.sale\/en\/utilisation\/#primaryimage\",\"url\":\"http:\/\/tatralandiavillage.creanet.sk\/wp-content\/uploads\/2017\/08\/Foto-09.jpg\",\"contentUrl\":\"http:\/\/tatralandiavillage.creanet.sk\/wp-content\/uploads\/2017\/08\/Foto-09.jpg\"},{\"@type\":\"WebPage\",\"@id\":\"https:\/\/tatralandiavillage.sale\/en\/utilisation\/\",\"url\":\"https:\/\/tatralandiavillage.sale\/en\/utilisation\/\",\"name\":\"UTILISATION - Holiday Village Tatralandia\",\"isPartOf\":{\"@id\":\"https:\/\/tatralandiavillage.sale\/#website\"},\"primaryImageOfPage\":{\"@id\":\"https:\/\/tatralandiavillage.sale\/en\/utilisation\/#primaryimage\"},\"datePublished\":\"2017-08-11T13:39:00+00:00\",\"dateModified\":\"2023-05-31T21:27:42+00:00\",\"breadcrumb\":{\"@id\":\"https:\/\/tatralandiavillage.sale\/en\/utilisation\/#breadcrumb\"},\"inLanguage\":\"en-US\",\"potentialAction\":[{\"@type\":\"ReadAction\",\"target\":[\"https:\/\/tatralandiavillage.sale\/en\/utilisation\/\"]}]},{\"@type\":\"BreadcrumbList\",\"@id\":\"https:\/\/tatralandiavillage.sale\/en\/utilisation\/#breadcrumb\",\"itemListElement\":[{\"@type\":\"ListItem\",\"position\":1,\"name\":\"Home\",\"item\":\"https:\/\/tatralandiavillage.sale\/en\/\"},{\"@type\":\"ListItem\",\"position\":2,\"name\":\"UTILISATION\"}]}]}<\/script>\n<!-- \/ Yoast SEO Premium plugin. -->","yoast_head_json":{"title":"UTILISATION - Holiday Village Tatralandia","robots":{"index":"index","follow":"follow","max-snippet":"max-snippet:-1","max-image-preview":"max-image-preview:large","max-video-preview":"max-video-preview:-1"},"canonical":"https:\/\/tatralandiavillage.sale\/en\/utilisation\/","og_locale":"en_US","og_type":"article","og_title":"UTILISATION","og_url":"https:\/\/tatralandiavillage.sale\/en\/utilisation\/","og_site_name":"Holiday Village Tatralandia","article_modified_time":"2023-05-31T21:27:42+00:00","og_image":[{"url":"http:\/\/tatralandiavillage.creanet.sk\/wp-content\/uploads\/2017\/08\/Foto-09.jpg"}],"twitter_card":"summary_large_image","twitter_misc":{"Est. reading time":"2 minutes"},"schema":{"@context":"https:\/\/schema.org","@graph":[{"@type":"Organization","@id":"https:\/\/tatralandiavillage.sale\/#organization","name":"Holiday Village Tatralandia","url":"https:\/\/tatralandiavillage.sale\/","sameAs":[],"logo":{"@type":"ImageObject","inLanguage":"en-US","@id":"https:\/\/tatralandiavillage.sale\/#\/schema\/logo\/image\/","url":"https:\/\/tatralandiavillage.sale\/wp-content\/uploads\/2020\/06\/HVT_new_logo_2x_93.png","contentUrl":"https:\/\/tatralandiavillage.sale\/wp-content\/uploads\/2020\/06\/HVT_new_logo_2x_93.png","width":399,"height":186,"caption":"Holiday Village Tatralandia"},"image":{"@id":"https:\/\/tatralandiavillage.sale\/#\/schema\/logo\/image\/"}},{"@type":"WebSite","@id":"https:\/\/tatralandiavillage.sale\/#website","url":"https:\/\/tatralandiavillage.sale\/","name":"Holiday Village Tatralandia","description":"","publisher":{"@id":"https:\/\/tatralandiavillage.sale\/#organization"},"potentialAction":[{"@type":"SearchAction","target":{"@type":"EntryPoint","urlTemplate":"https:\/\/tatralandiavillage.sale\/?s={search_term_string}"},"query-input":"required name=search_term_string"}],"inLanguage":"en-US"},{"@type":"ImageObject","inLanguage":"en-US","@id":"https:\/\/tatralandiavillage.sale\/en\/utilisation\/#primaryimage","url":"http:\/\/tatralandiavillage.creanet.sk\/wp-content\/uploads\/2017\/08\/Foto-09.jpg","contentUrl":"http:\/\/tatralandiavillage.creanet.sk\/wp-content\/uploads\/2017\/08\/Foto-09.jpg"},{"@type":"WebPage","@id":"https:\/\/tatralandiavillage.sale\/en\/utilisation\/","url":"https:\/\/tatralandiavillage.sale\/en\/utilisation\/","name":"UTILISATION - Holiday Village Tatralandia","isPartOf":{"@id":"https:\/\/tatralandiavillage.sale\/#website"},"primaryImageOfPage":{"@id":"https:\/\/tatralandiavillage.sale\/en\/utilisation\/#primaryimage"},"datePublished":"2017-08-11T13:39:00+00:00","dateModified":"2023-05-31T21:27:42+00:00","breadcrumb":{"@id":"https:\/\/tatralandiavillage.sale\/en\/utilisation\/#breadcrumb"},"inLanguage":"en-US","potentialAction":[{"@type":"ReadAction","target":["https:\/\/tatralandiavillage.sale\/en\/utilisation\/"]}]},{"@type":"BreadcrumbList","@id":"https:\/\/tatralandiavillage.sale\/en\/utilisation\/#breadcrumb","itemListElement":[{"@type":"ListItem","position":1,"name":"Home","item":"https:\/\/tatralandiavillage.sale\/en\/"},{"@type":"ListItem","position":2,"name":"UTILISATION"}]}]}},"_links":{"self":[{"href":"https:\/\/tatralandiavillage.sale\/en\/wp-json\/wp\/v2\/pages\/3080"}],"collection":[{"href":"https:\/\/tatralandiavillage.sale\/en\/wp-json\/wp\/v2\/pages"}],"about":[{"href":"https:\/\/tatralandiavillage.sale\/en\/wp-json\/wp\/v2\/types\/page"}],"author":[{"embeddable":true,"href":"https:\/\/tatralandiavillage.sale\/en\/wp-json\/wp\/v2\/users\/1"}],"replies":[{"embeddable":true,"href":"https:\/\/tatralandiavillage.sale\/en\/wp-json\/wp\/v2\/comments?post=3080"}],"version-history":[{"count":10,"href":"https:\/\/tatralandiavillage.sale\/en\/wp-json\/wp\/v2\/pages\/3080\/revisions"}],"predecessor-version":[{"id":3951,"href":"https:\/\/tatralandiavillage.sale\/en\/wp-json\/wp\/v2\/pages\/3080\/revisions\/3951"}],"wp:attachment":[{"href":"https:\/\/tatralandiavillage.sale\/en\/wp-json\/wp\/v2\/media?parent=3080"}],"curies":[{"name":"wp","href":"https:\/\/api.w.org\/{rel}","templated":true}]}}