{"id":2560,"date":"2017-06-29T11:04:04","date_gmt":"2017-06-29T09:04:04","guid":{"rendered":"http:\/\/tatralandiavillage.creanet.sk\/obchodna-propozicia\/"},"modified":"2023-05-31T23:52:14","modified_gmt":"2023-05-31T21:52:14","slug":"sales-offer","status":"publish","type":"page","link":"https:\/\/tatralandiavillage.sale\/en\/sales-offer\/","title":{"rendered":"SALES OFFER"},"content":{"rendered":"<div class=\"row \"><div class=\"span6 \"><p><!-- <a href=\"\/wp-content\/uploads\/2022\/09\/HVT_nove-objekty_predaj-prezentacia_ver202209_FINAL.pptx\" target=\"_blank\" rel=\"noopener\">INFORM\u00c1CIE O PROJEKTE REKEA\u010cN\u00ddCH DOM\u010cEKOV<\/a> --><br \/>\n<a href=\"\/wp-content\/uploads\/2023\/05\/HVT_new-holiday-houses_2023_FINAL.pdf\" target=\"_blank\" rel=\"noopener\">NEW HOLIDAY HOUSES IN BOBROVCEKY I <\/a><br \/>\n<a href=\"\/wp-content\/uploads\/2023\/01\/HVT_apt-deluxe-2.pdf\" target=\"_blank\" rel=\"noopener\">DELUXE APARTMENTS<\/a><br \/><\/div><div class=\"span6 \"><img class=\"aligncenter size-large wp-image-2822\" src=\"http:\/\/tatralandiavillage.creanet.sk\/wp-content\/uploads\/2017\/06\/Foto-13-1024x682.jpg\" alt=\"\" width=\"604\" height=\"402\" srcset=\"https:\/\/tatralandiavillage.sale\/wp-content\/uploads\/2017\/06\/Foto-13-1024x682.jpg 1024w, https:\/\/tatralandiavillage.sale\/wp-content\/uploads\/2017\/06\/Foto-13-300x200.jpg 300w, https:\/\/tatralandiavillage.sale\/wp-content\/uploads\/2017\/06\/Foto-13-768x512.jpg 768w, https:\/\/tatralandiavillage.sale\/wp-content\/uploads\/2017\/06\/Foto-13.jpg 1920w\" sizes=\"(max-width: 604px) 100vw, 604px\" \/><\/div>\n<\/div><!-- .row (end) -->\n","protected":false},"excerpt":{"rendered":"","protected":false},"author":1,"featured_media":0,"parent":0,"menu_order":0,"comment_status":"closed","ping_status":"closed","template":"page-fullwidth.php","meta":[],"acf":[],"yoast_head":"<!-- This site is optimized with the Yoast SEO Premium plugin v16.7 (Yoast SEO v19.3) - https:\/\/yoast.com\/wordpress\/plugins\/seo\/ -->\n<title>SALES OFFER - Holiday Village Tatralandia<\/title>\n<meta name=\"robots\" content=\"index, follow, max-snippet:-1, max-image-preview:large, max-video-preview:-1\" \/>\n<link rel=\"canonical\" href=\"https:\/\/tatralandiavillage.sale\/en\/sales-offer\/\" \/>\n<meta property=\"og:locale\" content=\"en_US\" \/>\n<meta property=\"og:type\" content=\"article\" \/>\n<meta property=\"og:title\" content=\"SALES OFFER\" \/>\n<meta property=\"og:url\" content=\"https:\/\/tatralandiavillage.sale\/en\/sales-offer\/\" \/>\n<meta property=\"og:site_name\" content=\"Holiday Village Tatralandia\" \/>\n<meta property=\"article:modified_time\" content=\"2023-05-31T21:52:14+00:00\" \/>\n<meta property=\"og:image\" content=\"http:\/\/tatralandiavillage.creanet.sk\/wp-content\/uploads\/2017\/06\/Foto-13-1024x682.jpg\" \/>\n<meta name=\"twitter:card\" content=\"summary_large_image\" \/>\n<meta name=\"twitter:label1\" content=\"Est. reading time\" \/>\n\t<meta name=\"twitter:data1\" content=\"1 minute\" \/>\n<script type=\"application\/ld+json\" class=\"yoast-schema-graph\">{\"@context\":\"https:\/\/schema.org\",\"@graph\":[{\"@type\":\"Organization\",\"@id\":\"https:\/\/tatralandiavillage.sale\/#organization\",\"name\":\"Holiday Village Tatralandia\",\"url\":\"https:\/\/tatralandiavillage.sale\/\",\"sameAs\":[],\"logo\":{\"@type\":\"ImageObject\",\"inLanguage\":\"en-US\",\"@id\":\"https:\/\/tatralandiavillage.sale\/#\/schema\/logo\/image\/\",\"url\":\"https:\/\/tatralandiavillage.sale\/wp-content\/uploads\/2020\/06\/HVT_new_logo_2x_93.png\",\"contentUrl\":\"https:\/\/tatralandiavillage.sale\/wp-content\/uploads\/2020\/06\/HVT_new_logo_2x_93.png\",\"width\":399,\"height\":186,\"caption\":\"Holiday Village Tatralandia\"},\"image\":{\"@id\":\"https:\/\/tatralandiavillage.sale\/#\/schema\/logo\/image\/\"}},{\"@type\":\"WebSite\",\"@id\":\"https:\/\/tatralandiavillage.sale\/#website\",\"url\":\"https:\/\/tatralandiavillage.sale\/\",\"name\":\"Holiday Village Tatralandia\",\"description\":\"\",\"publisher\":{\"@id\":\"https:\/\/tatralandiavillage.sale\/#organization\"},\"potentialAction\":[{\"@type\":\"SearchAction\",\"target\":{\"@type\":\"EntryPoint\",\"urlTemplate\":\"https:\/\/tatralandiavillage.sale\/?s={search_term_string}\"},\"query-input\":\"required name=search_term_string\"}],\"inLanguage\":\"en-US\"},{\"@type\":\"ImageObject\",\"inLanguage\":\"en-US\",\"@id\":\"https:\/\/tatralandiavillage.sale\/en\/sales-offer\/#primaryimage\",\"url\":\"http:\/\/tatralandiavillage.creanet.sk\/wp-content\/uploads\/2017\/06\/Foto-13-1024x682.jpg\",\"contentUrl\":\"http:\/\/tatralandiavillage.creanet.sk\/wp-content\/uploads\/2017\/06\/Foto-13-1024x682.jpg\"},{\"@type\":\"WebPage\",\"@id\":\"https:\/\/tatralandiavillage.sale\/en\/sales-offer\/\",\"url\":\"https:\/\/tatralandiavillage.sale\/en\/sales-offer\/\",\"name\":\"SALES OFFER - Holiday Village Tatralandia\",\"isPartOf\":{\"@id\":\"https:\/\/tatralandiavillage.sale\/#website\"},\"primaryImageOfPage\":{\"@id\":\"https:\/\/tatralandiavillage.sale\/en\/sales-offer\/#primaryimage\"},\"datePublished\":\"2017-06-29T09:04:04+00:00\",\"dateModified\":\"2023-05-31T21:52:14+00:00\",\"breadcrumb\":{\"@id\":\"https:\/\/tatralandiavillage.sale\/en\/sales-offer\/#breadcrumb\"},\"inLanguage\":\"en-US\",\"potentialAction\":[{\"@type\":\"ReadAction\",\"target\":[\"https:\/\/tatralandiavillage.sale\/en\/sales-offer\/\"]}]},{\"@type\":\"BreadcrumbList\",\"@id\":\"https:\/\/tatralandiavillage.sale\/en\/sales-offer\/#breadcrumb\",\"itemListElement\":[{\"@type\":\"ListItem\",\"position\":1,\"name\":\"Home\",\"item\":\"https:\/\/tatralandiavillage.sale\/en\/\"},{\"@type\":\"ListItem\",\"position\":2,\"name\":\"SALES OFFER\"}]}]}<\/script>\n<!-- \/ Yoast SEO Premium plugin. -->","yoast_head_json":{"title":"SALES OFFER - Holiday Village Tatralandia","robots":{"index":"index","follow":"follow","max-snippet":"max-snippet:-1","max-image-preview":"max-image-preview:large","max-video-preview":"max-video-preview:-1"},"canonical":"https:\/\/tatralandiavillage.sale\/en\/sales-offer\/","og_locale":"en_US","og_type":"article","og_title":"SALES OFFER","og_url":"https:\/\/tatralandiavillage.sale\/en\/sales-offer\/","og_site_name":"Holiday Village Tatralandia","article_modified_time":"2023-05-31T21:52:14+00:00","og_image":[{"url":"http:\/\/tatralandiavillage.creanet.sk\/wp-content\/uploads\/2017\/06\/Foto-13-1024x682.jpg"}],"twitter_card":"summary_large_image","twitter_misc":{"Est. reading time":"1 minute"},"schema":{"@context":"https:\/\/schema.org","@graph":[{"@type":"Organization","@id":"https:\/\/tatralandiavillage.sale\/#organization","name":"Holiday Village Tatralandia","url":"https:\/\/tatralandiavillage.sale\/","sameAs":[],"logo":{"@type":"ImageObject","inLanguage":"en-US","@id":"https:\/\/tatralandiavillage.sale\/#\/schema\/logo\/image\/","url":"https:\/\/tatralandiavillage.sale\/wp-content\/uploads\/2020\/06\/HVT_new_logo_2x_93.png","contentUrl":"https:\/\/tatralandiavillage.sale\/wp-content\/uploads\/2020\/06\/HVT_new_logo_2x_93.png","width":399,"height":186,"caption":"Holiday Village Tatralandia"},"image":{"@id":"https:\/\/tatralandiavillage.sale\/#\/schema\/logo\/image\/"}},{"@type":"WebSite","@id":"https:\/\/tatralandiavillage.sale\/#website","url":"https:\/\/tatralandiavillage.sale\/","name":"Holiday Village Tatralandia","description":"","publisher":{"@id":"https:\/\/tatralandiavillage.sale\/#organization"},"potentialAction":[{"@type":"SearchAction","target":{"@type":"EntryPoint","urlTemplate":"https:\/\/tatralandiavillage.sale\/?s={search_term_string}"},"query-input":"required name=search_term_string"}],"inLanguage":"en-US"},{"@type":"ImageObject","inLanguage":"en-US","@id":"https:\/\/tatralandiavillage.sale\/en\/sales-offer\/#primaryimage","url":"http:\/\/tatralandiavillage.creanet.sk\/wp-content\/uploads\/2017\/06\/Foto-13-1024x682.jpg","contentUrl":"http:\/\/tatralandiavillage.creanet.sk\/wp-content\/uploads\/2017\/06\/Foto-13-1024x682.jpg"},{"@type":"WebPage","@id":"https:\/\/tatralandiavillage.sale\/en\/sales-offer\/","url":"https:\/\/tatralandiavillage.sale\/en\/sales-offer\/","name":"SALES OFFER - Holiday Village Tatralandia","isPartOf":{"@id":"https:\/\/tatralandiavillage.sale\/#website"},"primaryImageOfPage":{"@id":"https:\/\/tatralandiavillage.sale\/en\/sales-offer\/#primaryimage"},"datePublished":"2017-06-29T09:04:04+00:00","dateModified":"2023-05-31T21:52:14+00:00","breadcrumb":{"@id":"https:\/\/tatralandiavillage.sale\/en\/sales-offer\/#breadcrumb"},"inLanguage":"en-US","potentialAction":[{"@type":"ReadAction","target":["https:\/\/tatralandiavillage.sale\/en\/sales-offer\/"]}]},{"@type":"BreadcrumbList","@id":"https:\/\/tatralandiavillage.sale\/en\/sales-offer\/#breadcrumb","itemListElement":[{"@type":"ListItem","position":1,"name":"Home","item":"https:\/\/tatralandiavillage.sale\/en\/"},{"@type":"ListItem","position":2,"name":"SALES OFFER"}]}]}},"_links":{"self":[{"href":"https:\/\/tatralandiavillage.sale\/en\/wp-json\/wp\/v2\/pages\/2560"}],"collection":[{"href":"https:\/\/tatralandiavillage.sale\/en\/wp-json\/wp\/v2\/pages"}],"about":[{"href":"https:\/\/tatralandiavillage.sale\/en\/wp-json\/wp\/v2\/types\/page"}],"author":[{"embeddable":true,"href":"https:\/\/tatralandiavillage.sale\/en\/wp-json\/wp\/v2\/users\/1"}],"replies":[{"embeddable":true,"href":"https:\/\/tatralandiavillage.sale\/en\/wp-json\/wp\/v2\/comments?post=2560"}],"version-history":[{"count":16,"href":"https:\/\/tatralandiavillage.sale\/en\/wp-json\/wp\/v2\/pages\/2560\/revisions"}],"predecessor-version":[{"id":3851,"href":"https:\/\/tatralandiavillage.sale\/en\/wp-json\/wp\/v2\/pages\/2560\/revisions\/3851"}],"wp:attachment":[{"href":"https:\/\/tatralandiavillage.sale\/en\/wp-json\/wp\/v2\/media?parent=2560"}],"curies":[{"name":"wp","href":"https:\/\/api.w.org\/{rel}","templated":true}]}}