{"id":2439,"date":"2017-01-10T13:32:17","date_gmt":"2017-01-10T12:32:17","guid":{"rendered":"http:\/\/chaletsjasna.creanet.sk\/verzia-holodom-a-nadstandard\/"},"modified":"2017-01-25T16:33:13","modified_gmt":"2017-01-25T15:33:13","slug":"verzia-holodom-a-nadstandard","status":"publish","type":"page","link":"https:\/\/tatralandiavillage.sale\/en\/verzia-holodom-a-nadstandard\/","title":{"rendered":"Verzia HOLODOM a NAD\u0160TANDARD"},"content":{"rendered":"<h3>THE \u201cSHELL\u201d VERSION INCLUDES:<\/h3>\n<ul>\n<li>project and engineering<\/li>\n<ul>\n<li>project for the zoning permit<\/li>\n<li>project for the building permit<\/li>\n<li>detailed design<\/li>\n<\/ul>\n<\/li>\n<li>approved construction after inspection \u2013 \u201cSHELL\u201d<\/li>\n<ul>\n<li>complete foundation laying<\/li>\n<li>vertical and horizontal reinforced concrete substructures<\/li>\n<li>gypsum non-loadbearing partitions<\/li>\n<li>interior walls and ceilings without surface finish<\/li>\n<li>load-bearing structure - wooden roof frame<\/li>\n<li>folded plate roofing \u2013 concrete tiles<\/li>\n<li>plumbing and locksmith structures, lightning conductor<\/li>\n<li>triple glazed wooden windows<\/li>\n<li>wooden front and interior doors<\/li>\n<li>stairs ground floor \u2013 1st floor, made of concrete, no wooden finish, 1st floor \u2013 2nd floor \u2013 makeshift ladder<\/li>\n<li>floor structures without a wear layer<\/li>\n<li>building insulation and facade cladding - wooden \/ natural stone<\/li>\n<li>landscaping, paths, parking areas<\/li>\n<li>outdoor terrace with prepared piping and other equipment for a whirlpool<\/li>\n<li>wiring, air-conditioning system, sewerage system<\/li>\n<li>water piping and heating distribution<\/li>\n<li>fireplace preparation, chimneys<\/li>\n<\/ul>\n<\/li>\n<\/ul>\n<h3>THE TURNKEY HIGHER-STANDARD VERSION CONTAINS ALSO:<\/h3>\n<ul>\n<ul>\n<li>interior wall finishes<\/li>\n<ul>\n<li>natural stone<\/li>\n<li>wood paneling<\/li>\n<li>ceramic tiles<\/li>\n<li>stucco including paints and coats<\/li>\n<\/ul>\n<\/li>\n<li>ceiling finishes\n<ul>\n<li>wooden ceilings \u2013 living rooms, bedrooms, kitchen, wellness centre<\/li>\n<li>plasterboard ceilings \u2013 technical rooms and bathrooms<\/li>\n<\/ul>\n<\/li>\n<li>floor structures with a wear layer\n<ul>\n<li>wooden floorboards - living rooms, bedrooms, kitchen<\/li>\n<li>ceramic floor tiles \u2013 wellness centre, technical rooms and bathrooms<\/li>\n<\/ul>\n<\/li>\n<\/ul>\n<li>finished staircases with banisters<\/li>\n<li>heating units - radiators \/ convectors \/ floor heating in the wellness centre<\/li>\n<li>Finnish sauna and complete wellness equipment<\/li>\n<li>outdoor terrace with a whirlpool<\/li>\n<li>complete interior furniture including chairs and tables on the terrace<\/li>\n<li>sanitary ware and bathroom furniture<\/li>\n<li>fireplaces with inserts and facing, fitted wardrobes<\/li>\n<li>fitted kitchen, cooker hood, microwave oven, hob<\/li>\n<li>dishwasher, fridge-freezer<\/li>\n<li>finishing elements, lights, LED HD TV, ethanol fireplace<\/li>\n<li>interior elements, soft furnishings, interior leather<\/li>\n<li>digit\u00e1lna telev\u00edzna slu\u017eba IPTV a\u00a0Wifi v\u00a0celom chalete<\/li>\n<li>electronic security of the property \u2013 outdoor camera system<\/li>\n<li>indoor security system (electronic) - alarm<\/li>\n<\/ul>\n<p>If you let our company use your chalet, we will arrange <a href=\"\/wp-content\/uploads\/2017\/01\/inventar.pdf\">complete hotel equipment<\/a> for flawless comfort of your clients in the value of over 3,500 \u20ac incl. VAT. <\/p>\n","protected":false},"excerpt":{"rendered":"THE \u201cSHELL\u201d VERSION INCLUDES: project and engineering project for the zoning permit project for the building permit detailed design approved construction after inspection \u2013 \u201cSHELL\u201d complete foundation laying vertical and horizontal reinforced concrete substructures gypsum non-loadbearing partitions interior walls and ceilings without surface finish load-bearing structure - wooden roof frame folded plate roofing \u2013 concrete tiles plumbing and locksmith structures,&nbsp;<a href=\"https:\/\/tatralandiavillage.sale\/en\/verzia-holodom-a-nadstandard\/\" class=\"read-more\">Continue Reading<\/a>","protected":false},"author":1,"featured_media":0,"parent":0,"menu_order":0,"comment_status":"closed","ping_status":"closed","template":"page-fullwidth.php","meta":[],"acf":[],"yoast_head":"<!-- This site is optimized with the Yoast SEO Premium plugin v16.7 (Yoast SEO v19.3) - https:\/\/yoast.com\/wordpress\/plugins\/seo\/ -->\n<title>Verzia HOLODOM a NAD\u0160TANDARD - Holiday Village Tatralandia<\/title>\n<meta name=\"robots\" content=\"index, follow, max-snippet:-1, max-image-preview:large, max-video-preview:-1\" \/>\n<link rel=\"canonical\" href=\"https:\/\/tatralandiavillage.sale\/en\/verzia-holodom-a-nadstandard\/\" \/>\n<meta property=\"og:locale\" content=\"en_US\" \/>\n<meta property=\"og:type\" content=\"article\" \/>\n<meta property=\"og:title\" content=\"Verzia HOLODOM a NAD\u0160TANDARD\" \/>\n<meta property=\"og:description\" content=\"THE \u201cSHELL\u201d VERSION INCLUDES: project and engineering project for the zoning permit project for the building permit detailed design approved construction after inspection \u2013 \u201cSHELL\u201d complete foundation laying vertical and horizontal reinforced concrete substructures gypsum non-loadbearing partitions interior walls and ceilings without surface finish load-bearing structure - wooden roof frame folded plate roofing \u2013 concrete tiles plumbing and locksmith structures,&nbsp;Continue Reading\" \/>\n<meta property=\"og:url\" content=\"https:\/\/tatralandiavillage.sale\/en\/verzia-holodom-a-nadstandard\/\" \/>\n<meta property=\"og:site_name\" content=\"Holiday Village Tatralandia\" \/>\n<meta property=\"article:modified_time\" content=\"2017-01-25T15:33:13+00:00\" \/>\n<meta name=\"twitter:card\" content=\"summary_large_image\" \/>\n<meta name=\"twitter:label1\" content=\"Est. reading time\" \/>\n\t<meta name=\"twitter:data1\" content=\"2 minutes\" \/>\n<script type=\"application\/ld+json\" class=\"yoast-schema-graph\">{\"@context\":\"https:\/\/schema.org\",\"@graph\":[{\"@type\":\"Organization\",\"@id\":\"https:\/\/tatralandiavillage.sale\/#organization\",\"name\":\"Holiday Village Tatralandia\",\"url\":\"https:\/\/tatralandiavillage.sale\/\",\"sameAs\":[],\"logo\":{\"@type\":\"ImageObject\",\"inLanguage\":\"en-US\",\"@id\":\"https:\/\/tatralandiavillage.sale\/#\/schema\/logo\/image\/\",\"url\":\"https:\/\/tatralandiavillage.sale\/wp-content\/uploads\/2020\/06\/HVT_new_logo_2x_93.png\",\"contentUrl\":\"https:\/\/tatralandiavillage.sale\/wp-content\/uploads\/2020\/06\/HVT_new_logo_2x_93.png\",\"width\":399,\"height\":186,\"caption\":\"Holiday Village Tatralandia\"},\"image\":{\"@id\":\"https:\/\/tatralandiavillage.sale\/#\/schema\/logo\/image\/\"}},{\"@type\":\"WebSite\",\"@id\":\"https:\/\/tatralandiavillage.sale\/#website\",\"url\":\"https:\/\/tatralandiavillage.sale\/\",\"name\":\"Holiday Village Tatralandia\",\"description\":\"\",\"publisher\":{\"@id\":\"https:\/\/tatralandiavillage.sale\/#organization\"},\"potentialAction\":[{\"@type\":\"SearchAction\",\"target\":{\"@type\":\"EntryPoint\",\"urlTemplate\":\"https:\/\/tatralandiavillage.sale\/?s={search_term_string}\"},\"query-input\":\"required name=search_term_string\"}],\"inLanguage\":\"en-US\"},{\"@type\":\"WebPage\",\"@id\":\"https:\/\/tatralandiavillage.sale\/en\/verzia-holodom-a-nadstandard\/\",\"url\":\"https:\/\/tatralandiavillage.sale\/en\/verzia-holodom-a-nadstandard\/\",\"name\":\"Verzia HOLODOM a NAD\u0160TANDARD - Holiday Village Tatralandia\",\"isPartOf\":{\"@id\":\"https:\/\/tatralandiavillage.sale\/#website\"},\"datePublished\":\"2017-01-10T12:32:17+00:00\",\"dateModified\":\"2017-01-25T15:33:13+00:00\",\"breadcrumb\":{\"@id\":\"https:\/\/tatralandiavillage.sale\/en\/verzia-holodom-a-nadstandard\/#breadcrumb\"},\"inLanguage\":\"en-US\",\"potentialAction\":[{\"@type\":\"ReadAction\",\"target\":[\"https:\/\/tatralandiavillage.sale\/en\/verzia-holodom-a-nadstandard\/\"]}]},{\"@type\":\"BreadcrumbList\",\"@id\":\"https:\/\/tatralandiavillage.sale\/en\/verzia-holodom-a-nadstandard\/#breadcrumb\",\"itemListElement\":[{\"@type\":\"ListItem\",\"position\":1,\"name\":\"Home\",\"item\":\"https:\/\/tatralandiavillage.sale\/en\/\"},{\"@type\":\"ListItem\",\"position\":2,\"name\":\"Verzia HOLODOM a NAD\u0160TANDARD\"}]}]}<\/script>\n<!-- \/ Yoast SEO Premium plugin. -->","yoast_head_json":{"title":"Verzia HOLODOM a NAD\u0160TANDARD - Holiday Village Tatralandia","robots":{"index":"index","follow":"follow","max-snippet":"max-snippet:-1","max-image-preview":"max-image-preview:large","max-video-preview":"max-video-preview:-1"},"canonical":"https:\/\/tatralandiavillage.sale\/en\/verzia-holodom-a-nadstandard\/","og_locale":"en_US","og_type":"article","og_title":"Verzia HOLODOM a NAD\u0160TANDARD","og_description":"THE \u201cSHELL\u201d VERSION INCLUDES: project and engineering project for the zoning permit project for the building permit detailed design approved construction after inspection \u2013 \u201cSHELL\u201d complete foundation laying vertical and horizontal reinforced concrete substructures gypsum non-loadbearing partitions interior walls and ceilings without surface finish load-bearing structure - wooden roof frame folded plate roofing \u2013 concrete tiles plumbing and locksmith structures,&nbsp;Continue Reading","og_url":"https:\/\/tatralandiavillage.sale\/en\/verzia-holodom-a-nadstandard\/","og_site_name":"Holiday Village Tatralandia","article_modified_time":"2017-01-25T15:33:13+00:00","twitter_card":"summary_large_image","twitter_misc":{"Est. reading time":"2 minutes"},"schema":{"@context":"https:\/\/schema.org","@graph":[{"@type":"Organization","@id":"https:\/\/tatralandiavillage.sale\/#organization","name":"Holiday Village Tatralandia","url":"https:\/\/tatralandiavillage.sale\/","sameAs":[],"logo":{"@type":"ImageObject","inLanguage":"en-US","@id":"https:\/\/tatralandiavillage.sale\/#\/schema\/logo\/image\/","url":"https:\/\/tatralandiavillage.sale\/wp-content\/uploads\/2020\/06\/HVT_new_logo_2x_93.png","contentUrl":"https:\/\/tatralandiavillage.sale\/wp-content\/uploads\/2020\/06\/HVT_new_logo_2x_93.png","width":399,"height":186,"caption":"Holiday Village Tatralandia"},"image":{"@id":"https:\/\/tatralandiavillage.sale\/#\/schema\/logo\/image\/"}},{"@type":"WebSite","@id":"https:\/\/tatralandiavillage.sale\/#website","url":"https:\/\/tatralandiavillage.sale\/","name":"Holiday Village Tatralandia","description":"","publisher":{"@id":"https:\/\/tatralandiavillage.sale\/#organization"},"potentialAction":[{"@type":"SearchAction","target":{"@type":"EntryPoint","urlTemplate":"https:\/\/tatralandiavillage.sale\/?s={search_term_string}"},"query-input":"required name=search_term_string"}],"inLanguage":"en-US"},{"@type":"WebPage","@id":"https:\/\/tatralandiavillage.sale\/en\/verzia-holodom-a-nadstandard\/","url":"https:\/\/tatralandiavillage.sale\/en\/verzia-holodom-a-nadstandard\/","name":"Verzia HOLODOM a NAD\u0160TANDARD - Holiday Village Tatralandia","isPartOf":{"@id":"https:\/\/tatralandiavillage.sale\/#website"},"datePublished":"2017-01-10T12:32:17+00:00","dateModified":"2017-01-25T15:33:13+00:00","breadcrumb":{"@id":"https:\/\/tatralandiavillage.sale\/en\/verzia-holodom-a-nadstandard\/#breadcrumb"},"inLanguage":"en-US","potentialAction":[{"@type":"ReadAction","target":["https:\/\/tatralandiavillage.sale\/en\/verzia-holodom-a-nadstandard\/"]}]},{"@type":"BreadcrumbList","@id":"https:\/\/tatralandiavillage.sale\/en\/verzia-holodom-a-nadstandard\/#breadcrumb","itemListElement":[{"@type":"ListItem","position":1,"name":"Home","item":"https:\/\/tatralandiavillage.sale\/en\/"},{"@type":"ListItem","position":2,"name":"Verzia HOLODOM a NAD\u0160TANDARD"}]}]}},"_links":{"self":[{"href":"https:\/\/tatralandiavillage.sale\/en\/wp-json\/wp\/v2\/pages\/2439"}],"collection":[{"href":"https:\/\/tatralandiavillage.sale\/en\/wp-json\/wp\/v2\/pages"}],"about":[{"href":"https:\/\/tatralandiavillage.sale\/en\/wp-json\/wp\/v2\/types\/page"}],"author":[{"embeddable":true,"href":"https:\/\/tatralandiavillage.sale\/en\/wp-json\/wp\/v2\/users\/1"}],"replies":[{"embeddable":true,"href":"https:\/\/tatralandiavillage.sale\/en\/wp-json\/wp\/v2\/comments?post=2439"}],"version-history":[{"count":3,"href":"https:\/\/tatralandiavillage.sale\/en\/wp-json\/wp\/v2\/pages\/2439\/revisions"}],"predecessor-version":[{"id":2459,"href":"https:\/\/tatralandiavillage.sale\/en\/wp-json\/wp\/v2\/pages\/2439\/revisions\/2459"}],"wp:attachment":[{"href":"https:\/\/tatralandiavillage.sale\/en\/wp-json\/wp\/v2\/media?parent=2439"}],"curies":[{"name":"wp","href":"https:\/\/api.w.org\/{rel}","templated":true}]}}